{"id":24,"date":"2016-03-04T22:17:11","date_gmt":"2016-03-04T22:17:11","guid":{"rendered":"http:\/\/quantensprung-rock.de\/?page_id=24"},"modified":"2024-02-10T23:11:43","modified_gmt":"2024-02-10T22:11:43","slug":"tour","status":"publish","type":"page","link":"https:\/\/quantensprung-band.de\/?page_id=24","title":{"rendered":"QS on Tour"},"content":{"rendered":"<div data-colibri-id=\"24-c1\" class=\"style-289 style-local-24-c1 position-relative\">\n  <!---->\n  <div data-colibri-component=\"section\" data-colibri-id=\"24-c2\" id=\"initial-content\" class=\"h-section h-section-global-spacing d-flex align-items-lg-center align-items-md-center align-items-center style-290 style-local-24-c2 position-relative\">\n    <!---->\n    <!---->\n    <div class=\"h-section-grid-container h-section-boxed-container\">\n      <!---->\n      <div data-colibri-id=\"24-c3\" class=\"h-row-container gutters-row-lg-2 gutters-row-md-2 gutters-row-0 gutters-row-v-lg-2 gutters-row-v-md-2 gutters-row-v-2 style-307 style-local-24-c3 position-relative\">\n        <!---->\n        <div class=\"h-row justify-content-lg-center justify-content-md-center justify-content-center align-items-lg-stretch align-items-md-stretch align-items-stretch gutters-col-lg-2 gutters-col-md-2 gutters-col-0 gutters-col-v-lg-2 gutters-col-v-md-2 gutters-col-v-2\">\n          <!---->\n          <div class=\"h-column h-column-container d-flex h-col-lg-auto h-col-md-auto h-col-auto style-308-outer style-local-24-c4-outer\">\n            <div data-colibri-id=\"24-c4\" class=\"d-flex h-flex-basis h-column__inner h-px-lg-2 h-px-md-2 h-px-2 v-inner-lg-2 v-inner-md-2 v-inner-2 style-308 style-local-24-c4 position-relative\">\n              <!---->\n              <!---->\n              <div class=\"w-100 h-y-container h-column__content h-column__v-align flex-basis-100 align-self-lg-start align-self-md-start align-self-start\">\n                <!---->\n                <div data-colibri-id=\"24-c5\" class=\"h-text h-text-component style-311 style-local-24-c5 position-relative h-element\">\n                  <!---->\n                  <!---->\n                  <div class=\"\">\n                    <p>In den Jahren seit der Bandgr\u00fcndung haben wir unz\u00e4hlige Auftritte absolviert:<\/p>\n                    <p>Bardentreffen N\u00fcrnberg 2000 und 2004, Karneval der Kulturen in Berlin 2004, 2005, 2008 und 2014, Tollwood Festival in M\u00fcnchen 2006, Ander Art Festival M\u00fcnchen 2011, Creole Preis f\u00fcr Weltmusik in Bayern 2008 und 2011, Meistersingerhalle\n                      N\u00fcrnberg als Support f\u00fcr Sertap Erener 2005, Rockzelt am Volksfest N\u00fcrnberg 2014, verschiedenste interkulturelle Veranstaltungen, unz\u00e4hlige Clubgigs und Radio- und TV-Auftritte und und und &#8230; mehr dazu auch unter PRESSE!<\/p>\n                    <p>F\u00fcr 2023 verabschieden wir uns in eine kurze Kreativpause bis zum 12. Januar 2024! Euch allen eine ruhige &#8222;staade&#8220; Zeit, gute Erholung, einen sch\u00f6nen Urlaub &#8230; wie auch immer ihr die Zeit zwischen den Jahren verbringt &#8211; alles Gute\n                      und bis bald.<\/p>\n                    <p><strong>QuantenSprung Live &#8211; die Historie &#8230;<\/strong><\/p>\n                    <p><strong>2024<\/strong><\/p>\n                    <ul>\n                      <li>12. Januar, Villa Leon \/ N\u00fcrnberg<\/li>\n                      <li>27. Januar, TECnet Lichentfels<\/li>\n                    <\/ul>\n                    <p><strong>2023<\/strong><\/p>\n                    <ul>\n                      <li>19. Januar, Kulturladen VISCHERS\/N\u00fcrnberg<\/li>\n                      <li>28. Januar, Pegnitzschmiede\/N\u00fcrnberg<\/li>\n                      <li>06. April, Dartmoors Inn\/Erlangen<\/li>\n                      <li>01. Mai, Maifest DGB, Kornmarkt\/N\u00fcrnberg<\/li>\n                      <li>18. Mai,&nbsp;Canakkale-Tag\/Osnabr\u00fcck<\/li>\n                      <li>31. August, Weindorf am N\u00fcrnberger Volksfest<\/li>\n                      <li>01. September, Marktplatz\/Coburg<\/li>\n                      <li>09. September, Zollhaus\/N\u00fcrnberg<\/li>\n                      <li>30. September, Pegnitzschmiede\/N\u00fcrnberg<\/li>\n                    <\/ul>\n                    <p><strong>2022 <\/strong><\/p>\n                    <ul>\n                      <li>01. April,&nbsp;Theaterst\u00fcck \u201e60 Jahre Anwerbeabkommen Deutschland \u2013 T\u00fcrkei\u201c in N\u00fcrnberg, Gemeinschaftshaus Langwasser<\/li>\n                      <li>01. Mai, DGB-Fest am Martin-Luther-Platz Ansbach<\/li>\n                      <li>20. Mai, Osnabr\u00fcck, Canakkale-Tag<\/li>\n                      <li>17. Juni, Altstadtfest Herzogenaurach<\/li>\n                      <li>18. Juni, Pegnitzb\u00fchne N\u00fcrnberg<\/li>\n                      <li>16. Juli, Sommerfest N\u00fcrnberger Integrationsrat<\/li>\n                      <li>04. August, Marktplatz-Sommer Bad Neustadt &#8211; unser hei\u00dfester Gig ever!<\/li>\n                      <li>08. Oktober, TECnet Club K\u00fcps\/Burkersdorf<\/li>\n                      <li>15. Oktober, Sporthalle Ahorn\/Coburg<\/li>\n                      <li>02. Dezember, Villa Leon N\u00fcrnberg &#8211; der Jahresabschluss\n                        <br>\n                      <\/li>\n                    <\/ul>\n                    <p>2021 konnte aufgrund der Pandemie leider nur ein kleiner, aber feiner Gig auf einer kleinen B\u00fchne an der Pegnitz in N\u00fcrnberg stattfinden \u2026 aber der hatte es in sich, war es doch der erste Gig in der aktuellen Besetzung!<\/p>\n                    <p><span style=\"color: rgb(153, 153, 153);\"> 11.01.20, Cafe Mexx, N\u00fcrnberg &#8230; im restlichen Jahr 2020 mussten alle geplanten Gigs zu unserem gr\u00f6\u00dften Bedauern wegen der Corona-Pandemie abgesagt werden \u2026<\/span><\/p>\n                    <p><span style=\"color: rgb(153, 153, 153);\">30.11.19, Williams Pub Coburg<br>12.10.19, Kulturverein Kofferfabrik F\u00fcrth<br>07.09.19, Kalle\u00b4s Krempelkisten Fest, Ahorn b. Coburg<br>31.08.19, BBQ Gemeindefest Ebersdorf<br>21.07.19, B\u00fcrgerfest Germering<br>18.05.19, Strohalm Erlangen<br> 01.05.19, 1. Mai-Fest F\u00fcrth<br>16.03.19, \u201ena und\u201c Kneipe\/Bar in Hersbruck<br>01.12.18, Fabrik in Neustadt b. Coburg<br>29.09.18, Fabrik in Neustadt b. Coburg<br>22.09.18, Kulturverein Kofferfabrik F\u00fcrth<br>22.07.18, B\u00fcrgerfest Germering<br>18.05.18, Maiwoche Osnabr\u00fcck-Zentrum<br>01.05.18, 1. Mai-Fest F\u00fcrth<br>24.03.18, Cafe Mexx N\u00fcrnberg<br>17.03.18, Abschlussparty Filmfestival T\u00fcrkei-Deutschland K4 Lounge 17.02.18,&nbsp;Cafe Mexx N\u00fcrnberg<br>30.10.17, Maritim N\u00fcrnberg, Empfang T\u00fcrk. Generalkonsulat<br>07.10.17, Live in concert, TEC-Net in K\u00fcps bei Kronach<br>24.09.17, Internationale Woche Coburg<br>02.09.17, Kalle\u00b4s Krempelkisten Fest&nbsp;Ahorn b. Coburg<br>11.05.17, Maiwoche \u2013 Osnabr\u00fcck-Canakkale&nbsp;St\u00e4dtepartnerschaftsfest 07.05.17, TIAD \u2013 Deutsch-T\u00fcrkischer&nbsp;Unternehmerverein&nbsp;Nbg.<br>23.04.16, Medizinerball der DTM e.V. in N\u00fcrnberg<br>01.05.16, 1. Mai-Kundgebung in F\u00fcrth<br>21.07.16, Marktplatzsommer-Open-Air Bad Neustadt\/Saale<br>25.09.16, Internationale Tage Marktplatz Coburg<br>27.12.15, Jahresabschlussfeier, TIAD e.V. N\u00fcrnberg<br>29.11.15, 20 Jahre St\u00e4dtepartnerschaft Marmaris, Stadthalle F\u00fcrth 19.07.15, Deutsch-T\u00fcrkisches Sommerfestival N\u00fcrnberg<br>13.06.15, Deutsch-T\u00fcrkisches Integrationsfest Atat\u00fcrk-Pokal F\u00fcrth<br>05.06.15, Orientalische Nacht Zirndorf<br>21.03.15, Filmfestival T\u00fcrkei\/Deutschland, K4 Lounge N\u00fcrnberg<br>12.11.14, Der CULT, Nightclub &amp; more, N\u00fcrnberg<br>25.10.14, Musikalischer Rock-Abend im TIAD e.V. N\u00fcrnberg<br>18.10.14, Cafe Express, N\u00fcrnberg<br>20.09.14, Internationales Fest der Volkshochschule Emden<br> 21.06.14, Deutsch-T\u00fcrkisches Sommerfest N\u00fcrnberg<br> 07.06.14, Karneval der Kulturen Berlin, Baz\u00e1ar B\u00fchne<br>24.04.14, Volksfest N\u00fcrnberg \u201eFr\u00e4nkisch-T\u00fcrkischer-Tag\u201c<br>28.02.14, Pegnitzb\u00fchne Nbg. e.V., N\u00fcrnberg<\/span><\/p>\n                  <\/div>\n                <\/div>\n              <\/div>\n            <\/div>\n          <\/div>\n        <\/div>\n      <\/div>\n    <\/div>\n  <\/div>\n<\/div>","protected":false},"excerpt":{"rendered":"<p>In den Jahren seit der Bandgr\u00fcndung haben wir unz\u00e4hlige Auftritte absolviert: Bardentreffen N\u00fcrnberg 2000 und 2004, Karneval der Kulturen in Berlin 2004, 2005, 2008 und 2014, Tollwood Festival in M\u00fcnchen 2006, Ander Art Festival M\u00fcnchen 2011, Creole Preis f\u00fcr Weltmusik in Bayern 2008 und 2011, Meistersingerhalle N\u00fcrnberg als Support f\u00fcr Sertap Erener 2005, Rockzelt am [&hellip;]<\/p>\n","protected":false},"author":1,"featured_media":0,"parent":0,"menu_order":0,"comment_status":"closed","ping_status":"closed","template":"page-templates\/full-width-page.php","meta":{"footnotes":""},"_links":{"self":[{"href":"https:\/\/quantensprung-band.de\/index.php?rest_route=\/wp\/v2\/pages\/24"}],"collection":[{"href":"https:\/\/quantensprung-band.de\/index.php?rest_route=\/wp\/v2\/pages"}],"about":[{"href":"https:\/\/quantensprung-band.de\/index.php?rest_route=\/wp\/v2\/types\/page"}],"author":[{"embeddable":true,"href":"https:\/\/quantensprung-band.de\/index.php?rest_route=\/wp\/v2\/users\/1"}],"replies":[{"embeddable":true,"href":"https:\/\/quantensprung-band.de\/index.php?rest_route=%2Fwp%2Fv2%2Fcomments&post=24"}],"version-history":[{"count":22,"href":"https:\/\/quantensprung-band.de\/index.php?rest_route=\/wp\/v2\/pages\/24\/revisions"}],"predecessor-version":[{"id":3041,"href":"https:\/\/quantensprung-band.de\/index.php?rest_route=\/wp\/v2\/pages\/24\/revisions\/3041"}],"wp:attachment":[{"href":"https:\/\/quantensprung-band.de\/index.php?rest_route=%2Fwp%2Fv2%2Fmedia&parent=24"}],"curies":[{"name":"wp","href":"https:\/\/api.w.org\/{rel}","templated":true}]}}