{"id":679,"date":"2022-04-28T21:40:16","date_gmt":"2022-04-28T19:40:16","guid":{"rendered":"https:\/\/quantensprung-band.de\/?page_id=679"},"modified":"2024-03-05T18:25:24","modified_gmt":"2024-03-05T17:25:24","slug":"teluro","status":"publish","type":"page","link":"https:\/\/quantensprung-band.de\/","title":{"rendered":"Start"},"content":{"rendered":"<div data-colibri-id=\"679-c1\" class=\"style-429 style-local-679-c1 position-relative\">\n  <!---->\n  <div data-colibri-component=\"section\" data-colibri-id=\"679-c2\" id=\"custom\" class=\"h-section h-section-global-spacing d-flex align-items-lg-center align-items-md-center align-items-center style-440 style-local-679-c2 position-relative\">\n    <!---->\n    <!---->\n    <div class=\"h-section-grid-container h-section-boxed-container\">\n      <!---->\n      <div data-colibri-id=\"679-c3\" class=\"h-row-container gutters-row-lg-2 gutters-row-md-2 gutters-row-0 gutters-row-v-lg-2 gutters-row-v-md-2 gutters-row-v-2 style-441 style-local-679-c3 position-relative\">\n        <!---->\n        <div class=\"h-row justify-content-lg-center justify-content-md-center justify-content-center align-items-lg-stretch align-items-md-stretch align-items-stretch gutters-col-lg-2 gutters-col-md-2 gutters-col-0 gutters-col-v-lg-2 gutters-col-v-md-2 gutters-col-v-2\">\n          <!---->\n          <div class=\"h-column h-column-container d-flex h-col-lg-auto h-col-md-auto h-col-auto style-442-outer style-local-679-c4-outer\">\n            <div data-colibri-id=\"679-c4\" class=\"d-flex h-flex-basis h-column__inner h-px-lg-2 h-px-md-2 h-px-2 v-inner-lg-2 v-inner-md-2 v-inner-2 style-442 style-local-679-c4 position-relative\">\n              <!---->\n              <!---->\n              <div class=\"w-100 h-y-container h-column__content h-column__v-align flex-basis-100 align-self-lg-start align-self-md-start align-self-start\">\n                <!---->\n                <div data-colibri-id=\"679-c5\" class=\"d-block style-443 style-local-679-c5 position-relative h-element\">\n                  <!---->\n                  <div class=\"h-image__frame-container-outer\">\n                    <div class=\"h-image__frame-container\">\n                      <!---->\n                      <!---->\n                      <img decoding=\"async\" width=\"1194\" height=\"586\" src=\"https:\/\/quantensprung-band.de\/wp-content\/uploads\/2024\/02\/cropped-Bandphoto11.jpg\" class=\"wp-image-2975 style-443-image style-local-679-c5-image\" alt=\"\" srcset=\"https:\/\/quantensprung-band.de\/wp-content\/uploads\/2024\/02\/cropped-Bandphoto11.jpg 1194w, https:\/\/quantensprung-band.de\/wp-content\/uploads\/2024\/02\/cropped-Bandphoto11-300x147.jpg 300w, https:\/\/quantensprung-band.de\/wp-content\/uploads\/2024\/02\/cropped-Bandphoto11-1024x503.jpg 1024w, https:\/\/quantensprung-band.de\/wp-content\/uploads\/2024\/02\/cropped-Bandphoto11-768x377.jpg 768w\" sizes=\"(max-width: 1194px) 100vw, 1194px\" \/>\n                      <div class=\"h-image__frame h-hide-lg h-hide-md h-hide-sm style-443-frameImage style-local-679-c5-frameImage\"><\/div>\n                    <\/div>\n                  <\/div>\n                <\/div>\n              <\/div>\n            <\/div>\n          <\/div>\n        <\/div>\n      <\/div>\n      <div data-colibri-id=\"679-c6\" class=\"h-row-container gutters-row-lg-2 gutters-row-md-2 gutters-row-0 gutters-row-v-lg-2 gutters-row-v-md-2 gutters-row-v-2 style-453 style-local-679-c6 position-relative\">\n        <!---->\n        <div class=\"h-row justify-content-lg-center justify-content-md-center justify-content-center align-items-lg-stretch align-items-md-stretch align-items-stretch gutters-col-lg-2 gutters-col-md-2 gutters-col-0 gutters-col-v-lg-2 gutters-col-v-md-2 gutters-col-v-2\">\n          <!---->\n          <div class=\"h-column h-column-container d-flex h-col-lg-auto h-col-md-auto h-col-auto style-454-outer style-local-679-c7-outer\">\n            <div data-colibri-id=\"679-c7\" class=\"d-flex h-flex-basis h-column__inner h-px-lg-2 h-px-md-2 h-px-2 v-inner-lg-2 v-inner-md-2 v-inner-2 style-454 style-local-679-c7 position-relative\">\n              <!---->\n              <!---->\n              <div class=\"w-100 h-y-container h-column__content h-column__v-align flex-basis-100 align-self-lg-start align-self-md-start align-self-start\">\n                <!---->\n                <div data-colibri-id=\"679-c8\" class=\"h-text h-text-component style-452 style-local-679-c8 position-relative h-element\">\n                  <!---->\n                  <!---->\n                  <div class=\"\">\n                    <p>Jetzt ist es amtlich! Aus den musikalischen Tiefen unserer Band QuantenSprung geht unsere neue Band\n                      <a href=\"https:\/\/www.facebook.com\/CemSession.Band?__cft__%5B0%5D=AZWJxAx6XObnFF1H9SYARcm6rWgBhI-UlZ_fHoaIaDnaSDQJcGwhcpQkRcGtuIllqHIvy9UA_59wkldTE41wyl6WxDsLK57WnhI95roDusKMrFd1ra-I2LMz4tugtrnBSpKkrzFvx35T-iS4yBbwQi5pCc70yigaSm8adw7lFzNnaDxDWg_Si_8eF8d3KWOWMFw&amp;__tn__=-%5DK-R\"\n                        style=\"font-weight: 400; color: var(--blue-link); font-family: inherit;\" class=\"customize-unpreviewable\">CemSession<\/a> hervor. Damit setzen wir unsere bisherige Band QuantenSprung zur Ruhe.&nbsp;Wir bedanken uns sehr bei unseren Mitgr\u00fcndern und ehemaligen Bandmitgliedern Ceylan Aytugan, Ralf Gebhardt, sowie weiteren ehemaligen Bandmitgliedern\n                      Iskender Ozan Toprak, Jo Go Hans G\u00f6tz, Bernd Ascherl und Rudi Lehnert f\u00fcr ihr jahrelanges Engagement und Unterst\u00fctzung in der Band.&nbsp;Von ganzem Herzen bedanken wir uns bei euch allen \u2013 unseren treuen Fans, Freunden und Unterst\u00fctzern\n                      \u2013 f\u00fcr eure grenzenlose Unterst\u00fctzung und die unvergesslichen 22 Jahre, die wir gemeinsam erleben durften. Ihr wart die treibende Kraft hinter jeder Note, jedem Text und jedem Auftritt.\n                      <a href=\"https:\/\/cemsession.band?fbclid=IwAR0jJH90T8LVQseRRyrmknxvueN6OzuTKT1S67uiMx2tEgOB0U9YcldLZ4c\" target=\"_blank\" rel=\"nofollow noreferrer noopener\" style=\"font-family: inherit; color: var(--blue-link);\" class=\"customize-unpreviewable\">\n                        <br>\n                      <\/a>\n                    <\/p>\n                  <\/div>\n                <\/div>\n                <div data-colibri-id=\"679-c9\" class=\"h-lead h-text h-text-component style-455 style-local-679-c9 position-relative h-element\">\n                  <!---->\n                  <!---->\n                  <div class=\"\">\n                    <p>Unsere neue Band&nbsp;\n                      <a href=\"https:\/\/www.facebook.com\/CemSession.Band?__cft__%5B0%5D=AZWJxAx6XObnFF1H9SYARcm6rWgBhI-UlZ_fHoaIaDnaSDQJcGwhcpQkRcGtuIllqHIvy9UA_59wkldTE41wyl6WxDsLK57WnhI95roDusKMrFd1ra-I2LMz4tugtrnBSpKkrzFvx35T-iS4yBbwQi5pCc70yigaSm8adw7lFzNnaDxDWg_Si_8eF8d3KWOWMFw&amp;__tn__=-%5DK-R\"\n                        style=\"color: var(--blue-link); font-size: 1em; font-weight: 400; font-family: inherit;\" class=\"customize-unpreviewable\">CemSession<\/a>&nbsp;steht f\u00fcr Anatolian &amp; Orient-Rock. Anatolisch-orientalische Kl\u00e4nge fusionieren kraftvoll mit modern-westlichen Rock aus dem Okzident. Wir sind weiterhin: Erdal Cec (Gitarre, Gesang) &#8211; Volker Otto (Drums) &#8211;\n                      Yagmur Utku (Keyboards) &#8211; Thomas Koestler (Bass). Folgt uns auf Facebook und Instagram. Wir freuen uns sehr darauf, euch bald musikalisch zu begegnen. Bis bald &#8230;!<\/p>\n                    <p>\n                      <a href=\"https:\/\/www.facebook.com\/CemSession.Band?__cft__%5B0%5D=AZW9_ZeXwkfpSmuShc_FtDaWhM7LtQg4a5QBK_xVD4mDXp1_gpyjq8gmoKSeHyJ6yHsgDyPGp1U1enWM3OY3FGaWnOz7cltuVg4OEcykv8kWGkE3-qSONRhegrxKgRlFy-LC5akzFrFU-4RcaP1Lk-Bk3T0UQKrU5u8p4Sug9FGvwO8azFTW_gKhFbdgxkiPzJlwMGlEKssL6a4vkH3CB0CU&amp;__tn__=-%5DK-y-R\"\n                        style=\"font-weight: 400; color: var(--blue-link); font-family: inherit;\" class=\"customize-unpreviewable\">https:\/\/www.facebook.com\/CemSession.Band\/<\/a>\n                      <a href=\"https:\/\/www.instagram.com\/cemsession.band?fbclid=IwAR19DLISobiE_6ny83q9Sz6H7doW_GQsumnHuokhMPgN2cLV56Pl0tWL7gw\" target=\"_blank\" rel=\"nofollow noreferrer noopener\" style=\"font-family: inherit; color: var(--blue-link);\" class=\"customize-unpreviewable\">\n                        <br>https:\/\/www.instagram.com\/cemsession.band\/<\/a>\n                      <a href=\"https:\/\/cemsession.band?fbclid=IwAR21qfdUXnF1yK8MnVPCYAWOIOvNSsbgsaAsl1DKJOxCrq55cBBTUCimwIg\" target=\"_blank\" rel=\"nofollow noreferrer noopener\" style=\"font-family: inherit; color: var(--blue-link);\" class=\"customize-unpreviewable\">\n                        <br>https:\/\/cemsession.band\/<\/a>\n                    <\/p>\n                  <\/div>\n                <\/div>\n              <\/div>\n            <\/div>\n          <\/div>\n        <\/div>\n      <\/div>\n    <\/div>\n  <\/div>\n<\/div>","protected":false},"excerpt":{"rendered":"<p>Jetzt ist es amtlich! Aus den musikalischen Tiefen unserer Band QuantenSprung geht unsere neue Band CemSession hervor. Damit setzen wir unsere bisherige Band QuantenSprung zur Ruhe.&nbsp;Wir bedanken uns sehr bei unseren Mitgr\u00fcndern und ehemaligen Bandmitgliedern Ceylan Aytugan, Ralf Gebhardt, sowie weiteren ehemaligen Bandmitgliedern Iskender Ozan Toprak, Jo Go Hans G\u00f6tz, Bernd Ascherl und Rudi Lehnert [&hellip;]<\/p>\n","protected":false},"author":2,"featured_media":0,"parent":0,"menu_order":0,"comment_status":"closed","ping_status":"closed","template":"page-templates\/homepage.php","meta":{"footnotes":""},"_links":{"self":[{"href":"https:\/\/quantensprung-band.de\/index.php?rest_route=\/wp\/v2\/pages\/679"}],"collection":[{"href":"https:\/\/quantensprung-band.de\/index.php?rest_route=\/wp\/v2\/pages"}],"about":[{"href":"https:\/\/quantensprung-band.de\/index.php?rest_route=\/wp\/v2\/types\/page"}],"author":[{"embeddable":true,"href":"https:\/\/quantensprung-band.de\/index.php?rest_route=\/wp\/v2\/users\/2"}],"replies":[{"embeddable":true,"href":"https:\/\/quantensprung-band.de\/index.php?rest_route=%2Fwp%2Fv2%2Fcomments&post=679"}],"version-history":[{"count":20,"href":"https:\/\/quantensprung-band.de\/index.php?rest_route=\/wp\/v2\/pages\/679\/revisions"}],"predecessor-version":[{"id":3194,"href":"https:\/\/quantensprung-band.de\/index.php?rest_route=\/wp\/v2\/pages\/679\/revisions\/3194"}],"wp:attachment":[{"href":"https:\/\/quantensprung-band.de\/index.php?rest_route=%2Fwp%2Fv2%2Fmedia&parent=679"}],"curies":[{"name":"wp","href":"https:\/\/api.w.org\/{rel}","templated":true}]}}